{"id":304,"date":"2014-09-16T14:31:10","date_gmt":"2014-09-16T14:31:10","guid":{"rendered":"http:\/\/ucci.santarosa.rs.gov.br\/?page_id=304"},"modified":"2014-11-20T14:43:11","modified_gmt":"2014-11-20T14:43:11","slug":"orgaos-setoriais","status":"publish","type":"page","link":"https:\/\/ucci.santarosa.rs.gov.br\/?page_id=304","title":{"rendered":"\u00d3rg\u00e3os Setoriais"},"content":{"rendered":"<p style=\"text-align: justify;\">As diversas unidades da estrutura organizacional do Munic\u00edpio se constituem em \u00d3rg\u00e3os Setoriais do Sistema de Controle Interno, quando do exerc\u00edcio das atividades de controle interno, inerentes \u00e0s suas fun\u00e7\u00f5es final\u00edsticas ou de car\u00e1ter administrativo. Essas Atividades, entretanto, n\u00e3o podem ser desempenhadas de forma independente, pois ficam sujeitas \u00e0 orienta\u00e7\u00e3o t\u00e9cnica da Unidade Central de Controle Interno.<\/p>\n<p>A Portaria n\u00ba 1.226 de 29 de Julho de 2014 nomeou os servidores, sendo a ordem titular e suplente, para constitu\u00edrem as Setoriais do Sistema de Controle Interno, conforme segue:<\/p>\n<p><strong>Secretaria de Administra\u00e7\u00e3o e Governo:<\/strong><\/p>\n<ul>\n<li>Charles Luis Steiger e William Felipe Ames<\/li>\n<\/ul>\n<p><strong>Secretaria de Fazenda:<\/strong><\/p>\n<ul>\n<li>Sandra Luiza Fernandes Saldanha e Lucia Tatiane Abentroth Czycza<\/li>\n<\/ul>\n<p><strong>Procuradoria-Geral:<\/strong><\/p>\n<ul>\n<li>Elisabete Carina Sacvier da Luz e Andr\u00e9 Luis Herzog<\/li>\n<\/ul>\n<p><strong>Secretaria de Planejamento e Capta\u00e7\u00e3o de Recursos:<\/strong><\/p>\n<ul>\n<li>Marli Alice Schlager de Barros e Francieli Noremberg Boiczuk<\/li>\n<\/ul>\n<p><strong>Secretaria de Desenvolvimento Sustent\u00e1vel:<\/strong><\/p>\n<ul>\n<li>Quim Fernando Massotti e Euclides Spies<\/li>\n<\/ul>\n<p><strong>Secretaria de Agropecu\u00e1ria e Infraestrutura:<\/strong><\/p>\n<ul>\n<li>Gerson Luis Karkow e Noemi Teresinha Cantarelli da Silva<\/li>\n<\/ul>\n<p><strong>Secretaria de Desenvolvimento Social:<\/strong><\/p>\n<ul>\n<li>Gerson Brust e Marcelo Sidinei Hoisler<\/li>\n<\/ul>\n<p><strong>Secretaria de Habita\u00e7\u00e3o e Mobilidade Urbana<\/strong><\/p>\n<ul>\n<li>Ester Adam e Neida Maria Tuzzin Bin<\/li>\n<\/ul>\n<p><strong>Secretaria de Esporte e Lazer:<\/strong><\/p>\n<ul>\n<li>Rosane Berwing e Eloi Bedendo<\/li>\n<\/ul>\n<p><strong>Secretaria de Educa\u00e7\u00e3o e Juventude:<\/strong><\/p>\n<ul>\n<li>Rosangela Andrade e Diane Essemberg<\/li>\n<\/ul>\n<p><strong>Secretaria de Cultura e Turismo:<\/strong><\/p>\n<ul>\n<li>Idioni Amaral Capeletti e Eliane Leite Souto<\/li>\n<\/ul>\n","protected":false},"excerpt":{"rendered":"<p>As diversas unidades da estrutura organizacional do Munic\u00edpio se constituem em \u00d3rg\u00e3os Setoriais do Sistema de Controle Interno, quando do exerc\u00edcio das atividades de controle interno, inerentes \u00e0s suas fun\u00e7\u00f5es final\u00edsticas ou de car\u00e1ter administrativo. Essas Atividades, entretanto, n\u00e3o podem&#8230; <a href=\"https:\/\/ucci.santarosa.rs.gov.br\/?page_id=304\" class=\"readmore\">Leia Mais<span class=\"screen-reader-text\">\u00d3rg\u00e3os Setoriais<\/span><span class=\"fa fa-angle-double-right\" aria-hidden=\"true\"><\/span><\/a><\/p>\n","protected":false},"author":4,"featured_media":0,"parent":128,"menu_order":3,"comment_status":"open","ping_status":"open","template":"","meta":{"footnotes":""},"_links":{"self":[{"href":"https:\/\/ucci.santarosa.rs.gov.br\/index.php?rest_route=\/wp\/v2\/pages\/304"}],"collection":[{"href":"https:\/\/ucci.santarosa.rs.gov.br\/index.php?rest_route=\/wp\/v2\/pages"}],"about":[{"href":"https:\/\/ucci.santarosa.rs.gov.br\/index.php?rest_route=\/wp\/v2\/types\/page"}],"author":[{"embeddable":true,"href":"https:\/\/ucci.santarosa.rs.gov.br\/index.php?rest_route=\/wp\/v2\/users\/4"}],"replies":[{"embeddable":true,"href":"https:\/\/ucci.santarosa.rs.gov.br\/index.php?rest_route=%2Fwp%2Fv2%2Fcomments&post=304"}],"version-history":[{"count":6,"href":"https:\/\/ucci.santarosa.rs.gov.br\/index.php?rest_route=\/wp\/v2\/pages\/304\/revisions"}],"predecessor-version":[{"id":343,"href":"https:\/\/ucci.santarosa.rs.gov.br\/index.php?rest_route=\/wp\/v2\/pages\/304\/revisions\/343"}],"up":[{"embeddable":true,"href":"https:\/\/ucci.santarosa.rs.gov.br\/index.php?rest_route=\/wp\/v2\/pages\/128"}],"wp:attachment":[{"href":"https:\/\/ucci.santarosa.rs.gov.br\/index.php?rest_route=%2Fwp%2Fv2%2Fmedia&parent=304"}],"curies":[{"name":"wp","href":"https:\/\/api.w.org\/{rel}","templated":true}]}}