{"id":94,"date":"2010-06-24T18:47:25","date_gmt":"2010-06-24T18:47:25","guid":{"rendered":"http:\/\/ucci.santarosa.rs.gov.br\/?page_id=94"},"modified":"2014-09-16T14:03:02","modified_gmt":"2014-09-16T14:03:02","slug":"sobre-2","status":"publish","type":"page","link":"https:\/\/ucci.santarosa.rs.gov.br\/?page_id=94","title":{"rendered":"Apresenta\u00e7\u00e3o"},"content":{"rendered":"<p style=\"text-align: center;\">O Sistema de Controle Interno Municipal, com atua\u00e7\u00e3o pr\u00e9via, concomitante e posterior aos atos administrativos, visa \u00e0 avalia\u00e7\u00e3o e controle da a\u00e7\u00e3o governamental e da gest\u00e3o fiscal dos administradores municipais, mediante fiscaliza\u00e7\u00e3o da organiza\u00e7\u00e3o, dos m\u00e9todos e das medidas adotados pela administra\u00e7\u00e3o para salvaguardar os ativos, desenvolver a efici\u00eancia nas opera\u00e7\u00f5es, avaliar o cumprimento dos programas, objetivos, metas e or\u00e7amentos e das pol\u00edticas administrativas prescritas.<\/p>\n","protected":false},"excerpt":{"rendered":"<p>O Sistema de Controle Interno Municipal, com atua\u00e7\u00e3o pr\u00e9via, concomitante e posterior aos atos administrativos, visa \u00e0 avalia\u00e7\u00e3o e controle da a\u00e7\u00e3o governamental e da gest\u00e3o fiscal dos administradores municipais, mediante fiscaliza\u00e7\u00e3o da organiza\u00e7\u00e3o, dos m\u00e9todos e das medidas adotados&#8230; <a href=\"https:\/\/ucci.santarosa.rs.gov.br\/?page_id=94\" class=\"readmore\">Leia Mais<span class=\"screen-reader-text\">Apresenta\u00e7\u00e3o<\/span><span class=\"fa fa-angle-double-right\" aria-hidden=\"true\"><\/span><\/a><\/p>\n","protected":false},"author":2,"featured_media":0,"parent":0,"menu_order":1,"comment_status":"closed","ping_status":"open","template":"","meta":{"footnotes":""},"_links":{"self":[{"href":"https:\/\/ucci.santarosa.rs.gov.br\/index.php?rest_route=\/wp\/v2\/pages\/94"}],"collection":[{"href":"https:\/\/ucci.santarosa.rs.gov.br\/index.php?rest_route=\/wp\/v2\/pages"}],"about":[{"href":"https:\/\/ucci.santarosa.rs.gov.br\/index.php?rest_route=\/wp\/v2\/types\/page"}],"author":[{"embeddable":true,"href":"https:\/\/ucci.santarosa.rs.gov.br\/index.php?rest_route=\/wp\/v2\/users\/2"}],"replies":[{"embeddable":true,"href":"https:\/\/ucci.santarosa.rs.gov.br\/index.php?rest_route=%2Fwp%2Fv2%2Fcomments&post=94"}],"version-history":[{"count":28,"href":"https:\/\/ucci.santarosa.rs.gov.br\/index.php?rest_route=\/wp\/v2\/pages\/94\/revisions"}],"predecessor-version":[{"id":300,"href":"https:\/\/ucci.santarosa.rs.gov.br\/index.php?rest_route=\/wp\/v2\/pages\/94\/revisions\/300"}],"wp:attachment":[{"href":"https:\/\/ucci.santarosa.rs.gov.br\/index.php?rest_route=%2Fwp%2Fv2%2Fmedia&parent=94"}],"curies":[{"name":"wp","href":"https:\/\/api.w.org\/{rel}","templated":true}]}}